{"id":588,"date":"2023-12-18T09:44:40","date_gmt":"2023-12-18T09:44:40","guid":{"rendered":"https:\/\/demo.creativethemes.com\/blocksy\/smart-home\/?page_id=3"},"modified":"2026-03-05T16:35:38","modified_gmt":"2026-03-05T14:35:38","slug":"politiques-de-confidentialites","status":"publish","type":"page","link":"https:\/\/predicto-medical.com\/en\/politiques-de-confidentialites","title":{"rendered":"Politiques de confidentialit\u00e9s"},"content":{"rendered":"<section class=\"bde-section-588-104 bde-section\">\n  \n  \n\t\n\n\n\n<div class=\"section-container\"><h1 class=\"bde-heading-588-105 bde-heading\">\nPolitiques de confidentialit\u00e9s\n<\/h1><\/div>\n<\/section><section class=\"bde-section-588-106 bde-section\">\n  \n  \n\t\n\n\n\n<div class=\"section-container\"><div class=\"bde-rich-text-588-108 bde-rich-text breakdance-rich-text-styles\">\n<h2 class=\"p1\"><b>ARTICLE 1 : PR\u00c9AMBULE<\/b><\/h2>\n<p class=\"p2\">La pr\u00e9sente politique de confidentialit\u00e9 a pour but d\u2019informer les utilisateurs du site :<\/p>\n<ul class=\"ul1\">\n<li class=\"li2\">Sur la mani\u00e8re dont sont collect\u00e9es leurs donn\u00e9es personnelles. Sont consid\u00e9r\u00e9es comme des donn\u00e9es personnelles, toute information permettant d\u2019identifier un utilisateur. \u00c0 ce titre, il peut s\u2019agir : de ses noms et pr\u00e9noms, de son \u00e2ge, de son adresse postale ou email, de sa localisation ou encore de son adresse IP (liste non-exhaustive) ;<\/li>\n<li class=\"li2\">Sur les droits dont ils disposent concernant ces donn\u00e9es ;<\/li>\n<li class=\"li2\">Sur la personne responsable du traitement des donn\u00e9es \u00e0 caract\u00e8re personnel collect\u00e9es et trait\u00e9es ;<\/li>\n<li class=\"li2\">Sur les destinataires de ces donn\u00e9es personnelles ;<\/li>\n<li class=\"li2\">Sur la politique du site en mati\u00e8re de cookies.<\/li>\n<\/ul>\n<p class=\"p2\">Cette politique compl\u00e8te les mentions l\u00e9gales et les Conditions G\u00e9n\u00e9rales d\u2019Utilisation.<\/p>\n<h2 class=\"p1\"><b>ARTICLE 2 : PRINCIPES RELATIFS \u00c0 LA COLLECTE ET AU TRAITEMENT DES DONN\u00c9ES PERSONNELLES<\/b><\/h2>\n<p class=\"p2\">Conform\u00e9ment \u00e0 l\u2019article 5 du R\u00e8glement europ\u00e9en 2016\/679, les donn\u00e9es \u00e0 caract\u00e8re personnel sont :<\/p>\n<ul class=\"ul1\">\n<li class=\"li2\">Trait\u00e9es de mani\u00e8re licite, loyale et transparente au regard de la personne concern\u00e9e ;<\/li>\n<li class=\"li2\">Collect\u00e9es pour des finalit\u00e9s d\u00e9termin\u00e9es (cf. Article 3.1 des pr\u00e9sentes), explicites et l\u00e9gitimes, et ne pas \u00eatre trait\u00e9es ult\u00e9rieurement d\u2019une mani\u00e8re incompatible avec ces finalit\u00e9s ;<\/li>\n<li class=\"li2\">Ad\u00e9quates, pertinentes et limit\u00e9es \u00e0 ce qui est n\u00e9cessaire au regard des finalit\u00e9s pour lesquelles elles sont trait\u00e9es ;<\/li>\n<li class=\"li2\">Exactes et, si n\u00e9cessaire, tenues \u00e0 jour. Toutes les mesures raisonnables doivent \u00eatre prises pour que les donn\u00e9es \u00e0 caract\u00e8re personnel qui sont inexactes, eu \u00e9gard aux finalit\u00e9s pour lesquelles elles sont trait\u00e9es, soient effac\u00e9es ou rectifi\u00e9es sans tarder ;<\/li>\n<li class=\"li2\">Conserv\u00e9es sous une forme permettant l\u2019identification des personnes concern\u00e9es pendant une dur\u00e9e n\u2019exc\u00e9dant pas celle n\u00e9cessaire au regard des finalit\u00e9s pour lesquelles elles sont trait\u00e9es ;<\/li>\n<li class=\"li2\">Trait\u00e9es de fa\u00e7on \u00e0 garantir une s\u00e9curit\u00e9 appropri\u00e9e des donn\u00e9es collect\u00e9es, y compris la protection contre le traitement non autoris\u00e9 ou illicite et contre la perte, la destruction ou les d\u00e9g\u00e2ts d\u2019origine accidentelle, \u00e0 l\u2019aide de mesures techniques ou organisationnelles appropri\u00e9es.<\/li>\n<\/ul>\n<p class=\"p2\">Le traitement n\u2019est licite que si, et dans la mesure o\u00f9, au moins une des conditions suivantes est remplie :<\/p>\n<ul class=\"ul1\">\n<li class=\"li2\">La personne concern\u00e9e a consenti au traitement de ses donn\u00e9es \u00e0 caract\u00e8re personnel pour une ou plusieurs finalit\u00e9s sp\u00e9cifiques ;<\/li>\n<li class=\"li2\">Le traitement est n\u00e9cessaire \u00e0 l\u2019ex\u00e9cution d\u2019un contrat auquel la personne concern\u00e9e est partie ou \u00e0 l\u2019ex\u00e9cution de mesures pr\u00e9contractuelles prises \u00e0 la demande de celle-ci ;<\/li>\n<li class=\"li2\">Le traitement est n\u00e9cessaire au respect d\u2019une obligation l\u00e9gale \u00e0 laquelle le responsable du traitement est soumis ;<\/li>\n<li class=\"li2\">Le traitement est n\u00e9cessaire \u00e0 la sauvegarde des int\u00e9r\u00eats vitaux de la personne concern\u00e9e ou d\u2019une autre personne physique ;<\/li>\n<li class=\"li2\">Le traitement est n\u00e9cessaire \u00e0 l\u2019ex\u00e9cution d\u2019une mission d\u2019int\u00e9r\u00eat public ou relevant de l\u2019exercice de l\u2019autorit\u00e9 publique dont est investi le responsable du traitement ;<\/li>\n<li class=\"li2\">Le traitement est n\u00e9cessaire aux fins des int\u00e9r\u00eats l\u00e9gitimes poursuivis par le responsable du traitement ou par un tiers.<\/li>\n<\/ul>\n<h2 class=\"p1\"><b>ARTICLE 3 : RESPONSABLE DE LA COLLECTE DE DONN\u00c9ES<\/b><\/h2>\n<p class=\"p2\">Le responsable de la collecte des donn\u00e9es \u00e0 caract\u00e8re personnel est la soci\u00e9t\u00e9 AF Media, une SARL immatricul\u00e9e au RCS de Romans B 492 765 318, dont le si\u00e8ge social est situ\u00e9 au 10 ALLEE HISPANO SUIZA 26200 MONT\u00c9LIMAR. AF Media est repr\u00e9sent\u00e9e par son directeur de publication, Mme. AYZAC.<\/p>\n<p class=\"p2\">En qualit\u00e9 de responsable du traitement des donn\u00e9es qu\u2019il collecte, AF Media s\u2019engage \u00e0 respecter le cadre des dispositions l\u00e9gales en vigueur. Il lui appartient notamment d\u2019\u00e9tablir les finalit\u00e9s de ses traitements de donn\u00e9es, de fournir \u00e0 ses prospects et clients, \u00e0 partir de la collecte de leurs consentements, une information compl\u00e8te sur le traitement de leurs donn\u00e9es personnelles et de maintenir un registre des traitements conforme \u00e0 la r\u00e9alit\u00e9.<\/p>\n<p class=\"p2\">Chaque fois que AF Media traite des donn\u00e9es personnelles, AF Media prend toutes les mesures raisonnables pour s\u2019assurer de l\u2019exactitude et de la pertinence des donn\u00e9es personnelles au regard des finalit\u00e9s pour lesquelles AF Media les traite.<\/p>\n<h2 class=\"p1\"><b>ARTICLE 4 : FINALIT\u00c9S DES DONN\u00c9ES COLLECT\u00c9ES<\/b><\/h2>\n<p class=\"p2\">AF Media est susceptible de traiter tout ou partie des donn\u00e9es :<\/p>\n<ul class=\"ul1\">\n<li class=\"li2\">Pour permettre la navigation sur le Site et la gestion et la tra\u00e7abilit\u00e9 des prestations et services command\u00e9s par l\u2019utilisateur : donn\u00e9es de connexion et d\u2019utilisation du Site, facturation, historique des commandes, etc.<\/li>\n<li class=\"li2\">Pour pr\u00e9venir et lutter contre la fraude informatique (spamming, hacking\u2026) : mat\u00e9riel informatique utilis\u00e9 pour la navigation, l\u2019adresse IP, le mot de passe (hash\u00e9)<\/li>\n<li class=\"li2\">Pour am\u00e9liorer la navigation sur le Site : donn\u00e9es de connexion et d\u2019utilisation<\/li>\n<li class=\"li2\">Pour mener des enqu\u00eates de satisfaction facultatives sur AF Media : adresse email<\/li>\n<li class=\"li2\">Pour mener des campagnes de communication (sms, mail) : num\u00e9ro de t\u00e9l\u00e9phone, adresse email<\/li>\n<\/ul>\n<p class=\"p2\">AF Media ne commercialise pas vos donn\u00e9es personnelles qui sont donc uniquement utilis\u00e9es par n\u00e9cessit\u00e9 ou \u00e0 des fins statistiques et d\u2019analyses.<\/p>\n<h2 class=\"p1\"><b>ARTICLE 5 : DROITS DE L\u2019UTILISATEUR<\/b><\/h2>\n<p class=\"p2\">Conform\u00e9ment \u00e0 la r\u00e9glementation concernant le traitement des donn\u00e9es \u00e0 caract\u00e8re personnel, l\u2019Utilisateur poss\u00e8de les droits ci-apr\u00e8s \u00e9num\u00e9r\u00e9s.<\/p>\n<p class=\"p2\">Pour que le responsable du traitement des donn\u00e9es fasse droit \u00e0 sa demande, l\u2019utilisateur est tenu de lui communiquer : ses pr\u00e9nom et nom ainsi que son adresse e-mail, et si pertinent, son num\u00e9ro de compte\/ d\u2019espace personnel ou de facture.<\/p>\n<p class=\"p2\">Le responsable du traitement des donn\u00e9es est tenu de r\u00e9pondre \u00e0 l\u2019Utilisateur dans un d\u00e9lai de 30 (trente) jours maximum.<\/p>\n<h2 class=\"p1\"><b>5.1. DROIT D\u2019ACC\u00c8S, DE RECTIFICATION ET DROIT \u00c0 L\u2019EFFACEMENT<\/b><\/h2>\n<p class=\"p2\">L\u2019Utilisateur a la possibilit\u00e9 d\u2019acc\u00e9der \u00e0 ses donn\u00e9es personnelles, de les mettre \u00e0 jour, de les modifier ou de demander leur effacement. Vous pouvez \u00e9galement demander la portabilit\u00e9 de vos donn\u00e9es personnelles. Pour exercer ces droits, veuillez nous contacter \u00e0 l\u2019adresse suivante :\u00a0<a href=\"mailto:hello@werocket.fr\"><span class=\"s2\"><b>hello@werocket.fr<\/b><b><\/b><\/span><\/a><\/p>\n<h2 class=\"p1\"><b>5.2. DROIT \u00c0 LA LIMITATION ET \u00c0 L\u2019OPPOSITION DU TRAITEMENT DES DONN\u00c9ES<\/b><\/h2>\n<p class=\"p2\">L\u2019utilisateur a le droit de demander la limitation ou de s\u2019opposer au traitement de ses donn\u00e9es par le site, sans que le site ne puisse refuser, sauf \u00e0 d\u00e9montrer l\u2019existence de motifs l\u00e9gitimes et imp\u00e9rieux, pouvant pr\u00e9valoir sur les int\u00e9r\u00eats et les droits et libert\u00e9s de l\u2019utilisateur.<\/p>\n<h2 class=\"p1\"><b>5.3. DROIT \u00c0 LA PORTABILIT\u00c9 DES DONN\u00c9ES<\/b><\/h2>\n<p class=\"p2\">L\u2019Utilisateur a le droit de demander la portabilit\u00e9 de ses donn\u00e9es personnelles, tenues par le site, vers un autre site, en se conformant \u00e0 la proc\u00e9dure ci-apr\u00e8s : L\u2019utilisateur doit faire une demande de portabilit\u00e9 de ses donn\u00e9es personnelles par email au responsable du traitement des donn\u00e9es, dont l\u2019adresse email est mentionn\u00e9e plus haut.<\/p>\n<h2 class=\"p1\"><b>5.4. DROIT AU RETRAIT DU CONSENTEMENT<\/b><\/h2>\n<p class=\"p2\">L\u2019Utilisateur a le droit de retirer un consentement pr\u00e9c\u00e9demment donn\u00e9 pour le traitement de ses donn\u00e9es personnelles en contactant le responsable du traitement des donn\u00e9es \u00e0 l\u2019adresse email mentionn\u00e9e plus haut.<\/p>\n<h2 class=\"p1\"><b>ARTICLE 6 : UTILISATION DES COOKIES<\/b><\/h2>\n<p class=\"p2\">Le site peut recourir \u00e0 des techniques de \u00ab\u00a0cookies\u00a0\u00bb lui permettant de traiter des statistiques et des informations sur le trafic, de faciliter la navigation et d\u2019am\u00e9liorer le service pour le confort de l\u2019utilisateur.<\/p>\n<p class=\"p2\">Conform\u00e9ment \u00e0 la l\u00e9gislation europ\u00e9enne, le site a obtenu le consentement pr\u00e9alable de l\u2019utilisateur pour l\u2019utilisation de cookies. L\u2019utilisateur a la possibilit\u00e9 de refuser l\u2019utilisation de cookies en modifiant les param\u00e8tres de son navigateur.<\/p>\n<h2 class=\"p1\"><b>ARTICLE 7 : CONSERVATION DES DONN\u00c9ES<\/b><\/h2>\n<p class=\"p2\">Les donn\u00e9es sont conserv\u00e9es pendant une dur\u00e9e de 1 an \u00e0 compter de la derni\u00e8re interaction de l\u2019Utilisateur sur le site.<\/p>\n<h2 class=\"p1\"><b>ARTICLE 8 : PARTAGE DES DONN\u00c9ES PERSONNELLES AVEC DES TIERS<\/b><\/h2>\n<p class=\"p2\">Les donn\u00e9es personnelles peuvent \u00eatre partag\u00e9es avec des soci\u00e9t\u00e9s tierces uniquement dans l\u2019Union europ\u00e9enne, et ce dans le cadre de la r\u00e9alisation des services offerts par le site. AF Media assure que ces prestataires respectent strictement la RGPD et s\u2019engage \u00e0 ne pas transf\u00e9rer les donn\u00e9es de ses utilisateurs en dehors de l\u2019Union europ\u00e9enne.<\/p>\n<h2 class=\"p1\"><b>ARTICLE 9 : MISE \u00c0 JOUR DE LA POLITIQUE DE CONFIDENTIALIT\u00c9<\/b><\/h2>\n<p class=\"p2\">La pr\u00e9sente politique de confidentialit\u00e9 a \u00e9t\u00e9 mise en ligne le 25\/05\/2023. La politique de confidentialit\u00e9 a \u00e9t\u00e9 modifi\u00e9e le 25\/05\/2023. En cas de modification de la pr\u00e9sente politique de confidentialit\u00e9, AF Media s\u2019engage \u00e0 ne pas baisser le niveau de confidentialit\u00e9 de mani\u00e8re substantielle sans l\u2019information pr\u00e9alable des personnes concern\u00e9es.<\/p>\n<\/div><\/div>\n<\/section>","protected":false},"excerpt":{"rendered":"<p>Politiques de confidentialit\u00e9s ARTICLE 1 : PR\u00c9AMBULE La pr\u00e9sente politique de confidentialit\u00e9 a pour but d\u2019informer les utilisateurs du site : Sur la mani\u00e8re dont sont collect\u00e9es leurs donn\u00e9es personnelles. Sont consid\u00e9r\u00e9es comme des donn\u00e9es personnelles, toute information permettant d\u2019identifier un utilisateur. \u00c0 ce titre, il peut s\u2019agir : de ses noms et pr\u00e9noms, de [&hellip;]<\/p>\n","protected":false},"author":1,"featured_media":0,"parent":0,"menu_order":9,"comment_status":"closed","ping_status":"closed","template":"","meta":{"_acf_changed":false,"_breakdance_hide_in_design_set":false,"_breakdance_tags":"","footnotes":""},"class_list":["post-588","page","type-page","status-publish","hentry"],"acf":[],"_links":{"self":[{"href":"https:\/\/predicto-medical.com\/en\/wp-json\/wp\/v2\/pages\/588","targetHints":{"allow":["GET"]}}],"collection":[{"href":"https:\/\/predicto-medical.com\/en\/wp-json\/wp\/v2\/pages"}],"about":[{"href":"https:\/\/predicto-medical.com\/en\/wp-json\/wp\/v2\/types\/page"}],"author":[{"embeddable":true,"href":"https:\/\/predicto-medical.com\/en\/wp-json\/wp\/v2\/users\/1"}],"replies":[{"embeddable":true,"href":"https:\/\/predicto-medical.com\/en\/wp-json\/wp\/v2\/comments?post=588"}],"version-history":[{"count":10,"href":"https:\/\/predicto-medical.com\/en\/wp-json\/wp\/v2\/pages\/588\/revisions"}],"predecessor-version":[{"id":1849,"href":"https:\/\/predicto-medical.com\/en\/wp-json\/wp\/v2\/pages\/588\/revisions\/1849"}],"wp:attachment":[{"href":"https:\/\/predicto-medical.com\/en\/wp-json\/wp\/v2\/media?parent=588"}],"curies":[{"name":"wp","href":"https:\/\/api.w.org\/{rel}","templated":true}]}}