{"id":3,"date":"2023-04-20T07:39:59","date_gmt":"2023-04-20T07:39:59","guid":{"rendered":"https:\/\/wp.predicto-medical.com\/\/?page_id=3"},"modified":"2026-03-05T16:31:49","modified_gmt":"2026-03-05T14:31:49","slug":"mentions-legales","status":"publish","type":"page","link":"https:\/\/predicto-medical.com\/en\/mentions-legales","title":{"rendered":"Legal notice"},"content":{"rendered":"<section class=\"bde-section-3-105 bde-section\">\n  \n  \n\t\n\n\n\n<div class=\"section-container\"><h1 class=\"bde-heading-3-108 bde-heading\">\nLegal notice\n<\/h1><\/div>\n<\/section><section class=\"bde-section-3-109 bde-section\">\n  \n  \n\t\n\n\n\n<div class=\"section-container\"><div class=\"bde-rich-text-3-110 bde-rich-text breakdance-rich-text-styles\">\n<h2 id=\"responsable-de-la-publication\" class=\"wp-block-heading has-large-font-size\">RESPONSABLE DE LA PUBLICATION<\/h2>\n<p><b>Nom Entreprise<\/b><\/p>\n<p>Adresse :<br \/>Tel :<\/p>\n<p>Mail :<\/p>\n<h1 id=\"graphisme-et-developpement\" class=\"wp-block-heading has-large-font-size\">GRAPHISME ET D\u00c9VELOPPEMENT<\/h1>\n<p>\u00a9\u00a0Werocket<br \/>10 all\u00e9e Hispano Suiza<br \/>26200 Mont\u00e9limar<br \/>T\u00e9l. 04 75 51 88 40<br \/>Fax. 04 75 53 75 65<br \/>info@werocket.fr<\/p>\n<h1 id=\"illustrations-et-photos\" class=\"wp-block-heading has-large-font-size\">ILLUSTRATIONS ET PHOTOS<\/h1>\n<p>\u00a9\u00a0Werocket, les textes et les illustrations de ce site sont la propri\u00e9t\u00e9 de Werocket<\/p>\n<h1 id=\"hebergement-du-site\" class=\"wp-block-heading has-large-font-size\">H\u00c9BERGEMENT DU SITE<\/h1>\n<p>OVH<br \/>2 rue Kellermann<br \/>59100 Roubaix \u2013 France<\/p>\n<h1 id=\"loi-informatique-et-libertes\" class=\"wp-block-heading has-large-font-size\">LOI INFORMATIQUE ET LIBERT\u00c9S<\/h1>\n<p>Conform\u00e9ment \u00e0 la loi \u00ab\u00a0Informatique et Libert\u00e9\u00a0\u00bb<br \/>n\u00b0 78-17 du 8 janvier 1978 relative \u00e0 l\u2019informatique, aux fichiers et aux libert\u00e9s, vous disposez d\u2019un droit d\u2019acc\u00e8s et de rectification sur les donn\u00e9es nominatives que vous laissez sur ce site. Pour faire valoir ce droit, il vous suffit de nous contacter par email \u00e0 l\u2019adresse info@werocket.fr.<br \/>En outre, nous nous engageons \u00e0 prendre toutes les pr\u00e9cautions n\u00e9cessaires afin de pr\u00e9server la s\u00e9curit\u00e9 de ces informations et notamment emp\u00eacher qu\u2019elles ne soient d\u00e9form\u00e9es, endommag\u00e9es ou communiqu\u00e9es \u00e0 des tiers, personnes physiques ou morales.<\/p>\n<\/div><div class=\"bde-div-3-112 bde-div\">\n  \n  \n\t\n\n\n\n<h3 class=\"bde-heading-3-122 bde-heading\">\n1.Informations g\u00e9n\u00e9rales\n<\/h3><div class=\"bde-div-3-113 bde-div\">\n  \n  \n\t\n\n\n\n<div class=\"bde-text-3-114 bde-text\">\n<b>Nom du site :<\/b>\n<\/div><div class=\"bde-text-3-115 bde-text\">\nPredicto\n<\/div>\n<\/div><div class=\"bde-div-3-116 bde-div\">\n  \n  \n\t\n\n\n\n<div class=\"bde-text-3-117 bde-text\">\n<b>URL Du site :<\/b>\n<\/div><div class=\"bde-text-3-118 bde-text\">\n<blockquote class=\"wp-embedded-content\" data-secret=\"XQvJPIcAXD\"><a href=\"https:\/\/predicto-medical.com\/en\/\">Home<\/a><\/blockquote><iframe loading=\"lazy\" class=\"wp-embedded-content\" sandbox=\"allow-scripts\" security=\"restricted\" style=\"position: absolute; visibility: hidden;\" title=\"\u00ab\u00a0Accueil\u00a0\u00bb &#8212; Predicto\" src=\"https:\/\/predicto-medical.com\/embed#?secret=mOAhe33YFZ#?secret=XQvJPIcAXD\" data-secret=\"XQvJPIcAXD\" width=\"500\" height=\"282\" frameborder=\"0\" marginwidth=\"0\" marginheight=\"0\" scrolling=\"no\"><\/iframe>\n<\/div>\n<\/div>\n<\/div><div class=\"bde-div-3-124 bde-div\">\n  \n  \n\t\n\n\n\n<h3 class=\"bde-heading-3-123 bde-heading\">\n2.\u00c9diteur du site\n<\/h3><div class=\"bde-div-3-126 bde-div\">\n  \n  \n\t\n\n\n\n<div class=\"bde-text-3-128 bde-text\">\nPREDICTO HOLDING\n<\/div>\n<\/div><div class=\"bde-div-3-129 bde-div\">\n  \n  \n\t\n\n\n\n<div class=\"bde-text-3-130 bde-text\">\n<b>Forme Juridique :\u00a0<\/b>\n<\/div><div class=\"bde-text-3-131 bde-text\">\nSAS\n<\/div>\n<\/div><div class=\"bde-div-3-132 bde-div\">\n  \n  \n\t\n\n\n\n<div class=\"bde-text-3-133 bde-text\">\n<b>Adresse :\u00a0<\/b>\n<\/div><div class=\"bde-text-3-134 bde-text\">\n11 AVENUE GASTON VERNIER 26200 MONTELIMAR\n<\/div>\n<\/div><div class=\"bde-div-3-135 bde-div\">\n  \n  \n\t\n\n\n\n<div class=\"bde-text-3-136 bde-text\">\n<b>T\u00e9l\u00e9phone :\u00a0<\/b>\n<\/div><div class=\"bde-text-3-137 bde-text\">\n\n<\/div>\n<\/div><div class=\"bde-div-3-138 bde-div\">\n  \n  \n\t\n\n\n\n<div class=\"bde-text-3-139 bde-text\">\n<b>Email :\u00a0<\/b>\n<\/div><div class=\"bde-text-3-140 bde-text\">\n\n<\/div>\n<\/div><div class=\"bde-div-3-141 bde-div\">\n  \n  \n\t\n\n\n\n<div class=\"bde-text-3-142 bde-text\">\n<b>SIREN :\u00a0<\/b>\n<\/div><div class=\"bde-text-3-143 bde-text\">\n953387271\n<\/div>\n<\/div>\n<\/div><div class=\"bde-div-3-144 bde-div\">\n  \n  \n\t\n\n\n\n<h3 class=\"bde-heading-3-145 bde-heading\">\n3.Agence de cr\u00e9ation\n<\/h3><div class=\"bde-div-3-146 bde-div\">\n  \n  \n\t\n\n\n\n<div class=\"bde-rich-text-3-163 bde-rich-text breakdance-rich-text-styles\">\n<p>Ce site a \u00e9t\u00e9 con\u00e7u et d\u00e9velopp\u00e9 par :<\/p>\n<p>Werocket<\/p>\n<p>10 all\u00e9e Hispano Suiza \u2013 26200 Mont\u00e9limar<\/p>\n<p>T\u00e9l. : 04 75 51 88 40<\/p>\n<p>Email : <a href=\"mailto:hello@werocket.fr\">hello@werocket.fr<\/a><\/p>\n<p>Site : <a href=\"\/en\/www.werocket.fr\/\">www.werocket.fr<\/a><\/p>\n<\/div>\n<\/div>\n<\/div><div class=\"bde-div-3-164 bde-div\">\n  \n  \n\t\n\n\n\n<h3 class=\"bde-heading-3-165 bde-heading\">\n4.H\u00e9bergeur du site\n<\/h3><div class=\"bde-div-3-166 bde-div\">\n  \n  \n\t\n\n\n\n<div class=\"bde-rich-text-3-167 bde-rich-text breakdance-rich-text-styles\">\n<p>OVHcloud<\/p>\n<p>2 rue Kellermann \u2013 59100 Roubaix \u2013 France<\/p>\n<p>T\u00e9l. : +33 (0)9 72 10 10 07<\/p>\n<p>Site : <a href=\"https:\/\/www.ovhcloud.com\" target=\"_blank\" rel=\"noopener\">https:\/\/www.ovhcloud.com<\/a><\/p>\n<\/div>\n<\/div>\n<\/div><div class=\"bde-div-3-168 bde-div\">\n  \n  \n\t\n\n\n\n<h3 class=\"bde-heading-3-169 bde-heading\">\n5.Propri\u00e9t\u00e9 intellectuelle\n<\/h3><div class=\"bde-div-3-170 bde-div\">\n  \n  \n\t\n\n\n\n<div class=\"bde-text-3-176 bde-text\">\nL\u2019ensemble des \u00e9l\u00e9ments constituant ce site (textes, images, graphismes, logos, vid\u00e9os, ic\u00f4nes, sons, logiciels, mise en page, etc.) est la propri\u00e9t\u00e9 exclusive de PREDICTO HOLDING sauf mention contraire.\n<\/div><div class=\"bde-text-3-177 bde-text\">\nToute reproduction, repr\u00e9sentation, modification, publication, transmission ou adaptation, totale ou partielle, du site ou de son contenu, par quelque proc\u00e9d\u00e9 que ce soit, est interdite sans l\u2019autorisation \u00e9crite pr\u00e9alable de PREDICTO HOLDING\n<\/div><div class=\"bde-text-3-178 bde-text\">\nToute exploitation non autoris\u00e9e du site ou de son contenu engage la responsabilit\u00e9 de l\u2019utilisateur et constitue une contrefa\u00e7on sanctionn\u00e9e par les articles L.335-2 et suivants du Code de la propri\u00e9t\u00e9 intellectuelle.\n<\/div>\n<\/div>\n<\/div><div class=\"bde-div-3-179 bde-div\">\n  \n  \n\t\n\n\n\n<h3 class=\"bde-heading-3-180 bde-heading\">\n6.Donn\u00e9es personnelles & RGPD\n<\/h3><div class=\"bde-div-3-181 bde-div\">\n  \n  \n\t\n\n\n\n<div class=\"bde-text-3-182 bde-text\">\nPREDICTO HOLDING s\u2019engage \u00e0 ce que la collecte et le traitement des donn\u00e9es effectu\u00e9s via ce site soient conformes au R\u00e8glement G\u00e9n\u00e9ral sur la Protection des Donn\u00e9es (RGPD) et \u00e0 la loi \u00ab Informatique et Libert\u00e9s \u00bb n\u00b078-17 du 6 janvier 1978.\n<\/div><div class=\"bde-text-3-183 bde-text\">\nFinalit\u00e9s de la collecte : Les donn\u00e9es collect\u00e9es via les formulaires du site (nom, email, t\u00e9l\u00e9phone, etc.) sont utilis\u00e9es uniquement pour r\u00e9pondre aux demandes de contact et\/ou assurer la prestation propos\u00e9e.\n<\/div><div class=\"bde-text-3-184 bde-text\">\nDur\u00e9e de conservation : 4 ans\n<\/div><div class=\"bde-text-3-185 bde-text\">\nDestinataires : Les donn\u00e9es sont uniquement destin\u00e9es \u00e0 PREDICTO HOLDING et ne sont en aucun cas c\u00e9d\u00e9es ou revendues \u00e0 des tiers.\n<\/div><div class=\"bde-text-3-186 bde-text\">\nDroits des utilisateurs : Conform\u00e9ment \u00e0 la loi, vous disposez d\u2019un droit d\u2019acc\u00e8s, de rectification, de suppression, de portabilit\u00e9 et d\u2019opposition concernant vos donn\u00e9es.\n<\/div><div class=\"bde-rich-text-3-188 bde-rich-text breakdance-rich-text-styles\">\n<p>Pour exercer vos droits, contactez-nous \u00e0<\/p>\n<p>Site : <a href=\"mailto:hello@werocket.fr\">hello@werocket.fr<\/a><\/p>\n<\/div>\n<\/div>\n<\/div><div class=\"bde-div-3-189 bde-div\">\n  \n  \n\t\n\n\n\n<h3 class=\"bde-heading-3-190 bde-heading\">\n7.Cookies\n<\/h3><div class=\"bde-div-3-191 bde-div\">\n  \n  \n\t\n\n\n\n<div class=\"bde-text-3-193 bde-text\">\nCe site peut utiliser des cookies pour am\u00e9liorer l\u2019exp\u00e9rience de navigation et r\u00e9aliser des statistiques de fr\u00e9quentation.<br>Vous pouvez param\u00e9trer vos pr\u00e9f\u00e9rences en mati\u00e8re de cookies directement depuis votre navigateur.\n<\/div>\n<\/div>\n<\/div><div class=\"bde-div-3-198 bde-div\">\n  \n  \n\t\n\n\n\n<h3 class=\"bde-heading-3-199 bde-heading\">\n8.Limitation de responsabilit\u00e9\n<\/h3><div class=\"bde-div-3-200 bde-div\">\n  \n  \n\t\n\n\n\n<div class=\"bde-text-3-201 bde-text\">\nPREDICTO HOLDING s\u2019efforce de fournir sur ce site des informations aussi exactes que possible. Toutefois, des inexactitudes, omissions ou lacunes peuvent subsister.\n<\/div><div class=\"bde-text-3-207 bde-text\">\nPREDICTO HOLDING ne pourra en aucun cas \u00eatre tenue responsable des dommages directs ou indirects r\u00e9sultant de l\u2019utilisation du site ou de l\u2019impossibilit\u00e9 d\u2019y acc\u00e9der.\n<\/div>\n<\/div>\n<\/div><div class=\"bde-div-3-208 bde-div\">\n  \n  \n\t\n\n\n\n<h3 class=\"bde-heading-3-209 bde-heading\">\n9.Droit applicable\n<\/h3><div class=\"bde-text-3-213 bde-text\">\nLes pr\u00e9sentes mentions l\u00e9gales sont r\u00e9gies par le droit fran\u00e7ais.\n<\/div><div class=\"bde-div-3-210 bde-div\">\n  \n  \n\t\n\n\n\n<div class=\"bde-text-3-211 bde-text\">\nEn cas de litige, et apr\u00e8s \u00e9chec d\u2019une solution amiable, les tribunaux comp\u00e9tents du ressort du si\u00e8ge social de PREDICTO HOLDING seront seuls comp\u00e9tents.\n<\/div><div class=\"bde-text-3-212 bde-text\">\nPREDICTO HOLDING ne pourra en aucun cas \u00eatre tenue responsable des dommages directs ou indirects r\u00e9sultant de l\u2019utilisation du site ou de l\u2019impossibilit\u00e9 d\u2019y acc\u00e9der.\n<\/div>\n<\/div>\n<\/div><\/div>\n<\/section>","protected":false},"excerpt":{"rendered":"<p>Mentions l\u00e9gales RESPONSABLE DE LA PUBLICATION Nom Entreprise Adresse :Tel : Mail : GRAPHISME ET D\u00c9VELOPPEMENT \u00a9\u00a0Werocket10 all\u00e9e Hispano Suiza26200 Mont\u00e9limarT\u00e9l. 04 75 51 88 40Fax. 04 75 53 75 65info@werocket.fr ILLUSTRATIONS ET PHOTOS \u00a9\u00a0Werocket, les textes et les illustrations de ce site sont la propri\u00e9t\u00e9 de Werocket H\u00c9BERGEMENT DU SITE OVH2 rue Kellermann59100 Roubaix [&hellip;]<\/p>\n","protected":false},"author":1,"featured_media":0,"parent":0,"menu_order":8,"comment_status":"closed","ping_status":"closed","template":"","meta":{"_acf_changed":false,"_breakdance_hide_in_design_set":false,"_breakdance_tags":"","footnotes":""},"class_list":["post-3","page","type-page","status-publish","hentry"],"acf":[],"_links":{"self":[{"href":"https:\/\/predicto-medical.com\/en\/wp-json\/wp\/v2\/pages\/3","targetHints":{"allow":["GET"]}}],"collection":[{"href":"https:\/\/predicto-medical.com\/en\/wp-json\/wp\/v2\/pages"}],"about":[{"href":"https:\/\/predicto-medical.com\/en\/wp-json\/wp\/v2\/types\/page"}],"author":[{"embeddable":true,"href":"https:\/\/predicto-medical.com\/en\/wp-json\/wp\/v2\/users\/1"}],"replies":[{"embeddable":true,"href":"https:\/\/predicto-medical.com\/en\/wp-json\/wp\/v2\/comments?post=3"}],"version-history":[{"count":19,"href":"https:\/\/predicto-medical.com\/en\/wp-json\/wp\/v2\/pages\/3\/revisions"}],"predecessor-version":[{"id":1848,"href":"https:\/\/predicto-medical.com\/en\/wp-json\/wp\/v2\/pages\/3\/revisions\/1848"}],"wp:attachment":[{"href":"https:\/\/predicto-medical.com\/en\/wp-json\/wp\/v2\/media?parent=3"}],"curies":[{"name":"wp","href":"https:\/\/api.w.org\/{rel}","templated":true}]}}